{"id":60,"date":"2023-09-10T16:52:44","date_gmt":"2023-09-10T16:52:44","guid":{"rendered":"https:\/\/camper-doosie.nl\/?page_id=60"},"modified":"2024-01-03T20:33:40","modified_gmt":"2024-01-03T20:33:40","slug":"wie-zijn-wij","status":"publish","type":"page","link":"https:\/\/camper-doosie.nl\/?page_id=60","title":{"rendered":"Wie zijn wij &#038; ontstaan camper-doosie?"},"content":{"rendered":"<p><span style=\"font-family: tahoma, arial, helvetica, sans-serif; font-size: 20px;\"><strong>Wij . . .<\/strong><\/span><\/p>\n<ul>\n<li><span style=\"font-family: tahoma, arial, helvetica, sans-serif; font-size: 16px;\">zijn Don en Esmeralda Rolfes;<\/span><\/li>\n<li><span style=\"font-family: tahoma, arial, helvetica, sans-serif; font-size: 16px;\">een klein enthousiast bedrijf;<\/span><\/li>\n<li><span style=\"font-size: 16px; font-family: tahoma, arial, helvetica, sans-serif;\">werken alleen met hoogwaardige populieren multiplex;<\/span><\/li>\n<li><span style=\"font-family: tahoma, arial, helvetica, sans-serif; font-size: 16px;\">gebruiken alleen bewezen apparatuur;<\/span><\/li>\n<li><span style=\"font-family: tahoma, arial, helvetica, sans-serif; font-size: 16px;\">werken nauw samen met een zagerij;<\/span><\/li>\n<li><span style=\"font-family: tahoma, arial, helvetica, sans-serif; font-size: 16px;\">werken met gerenommeerde partners;<\/span><\/li>\n<li><span style=\"font-family: tahoma, arial, helvetica, sans-serif; font-size: 16px;\">zijn van mening dat jouw micro camper voelt als jouw huisje op wielen<\/span><\/li>\n<\/ul>\n<p><span style=\"font-size: 20px;\"><strong><span style=\"font-family: tahoma, arial, helvetica, sans-serif;\">Ontstaan . . .\u00a0<\/span><\/strong><\/span><\/p>\n<p><span style=\"font-family: tahoma, arial, helvetica, sans-serif; font-size: 16px;\">Net als zoveel andere Nederlanders dachten wij tijdens de Corona pandemie na over het kopen van een camper, om zo in ons eigen bubbel binnen Nederland en Europa te reizen.<\/span><br \/><span style=\"font-family: tahoma, arial, helvetica, sans-serif; font-size: 16px;\">Echter, de aanschaf van een camper is veelal kostbaar. Bovendien staat dit dure bezit het merendeel van de tijd ongebruikt geparkeerd en wordt nauwelijks gebruikt om te kamperen.<\/span><\/p>\n<p><span style=\"font-family: tahoma, arial, helvetica, sans-serif; font-size: 16px;\">Uiteindelijk stelden wij ons zelf de vraag of het mogelijk was om onze auto voor dagelijks gebruik (in no time) om te bouwen tot een camper.<\/span><br \/><span style=\"font-family: tahoma, arial, helvetica, sans-serif; font-size: 16px;\">Velen uren van surfen op het internet gingen voorbij. Steeds beter vormden we ons een beeld van wat er al aan aanbod was en wat wij zelf wilden.<\/span><\/p>\n\n\n<figure class=\"wp-block-image size-large\"><img loading=\"lazy\" decoding=\"async\" width=\"1024\" height=\"461\" src=\"https:\/\/camper-doosie.nl\/wp-content\/uploads\/2023\/11\/20231015_083812-1024x461.jpg\" alt=\"\" class=\"wp-image-230\" srcset=\"https:\/\/camper-doosie.nl\/wp-content\/uploads\/2023\/11\/20231015_083812-1024x461.jpg 1024w, https:\/\/camper-doosie.nl\/wp-content\/uploads\/2023\/11\/20231015_083812-300x135.jpg 300w, https:\/\/camper-doosie.nl\/wp-content\/uploads\/2023\/11\/20231015_083812-768x346.jpg 768w, https:\/\/camper-doosie.nl\/wp-content\/uploads\/2023\/11\/20231015_083812-1536x691.jpg 1536w, https:\/\/camper-doosie.nl\/wp-content\/uploads\/2023\/11\/20231015_083812-2048x922.jpg 2048w, https:\/\/camper-doosie.nl\/wp-content\/uploads\/2023\/11\/20231015_083812-200x90.jpg 200w\" sizes=\"auto, (max-width: 1024px) 100vw, 1024px\" \/><\/figure>\n\n\n<p><span style=\"font-family: tahoma, arial, helvetica, sans-serif; font-size: 14px;\"><strong><span style=\"font-size: 20px;\">Uitgangspunten<\/span><br \/><\/strong><span style=\"font-size: 16px;\">Bij het gehele ontwerp en bouwproces van ons camper-interieur toetsten wij onze keuzes aan onze vier uitgangspunten, te weten:<\/span><\/span><br \/><span style=\"font-family: tahoma, arial, helvetica, sans-serif; font-size: 16px;\">&#8211; Voordelig<\/span><br \/><span style=\"font-family: tahoma, arial, helvetica, sans-serif; font-size: 16px;\">&#8211; Gebruiksgemak<\/span><br \/><span style=\"font-family: tahoma, arial, helvetica, sans-serif; font-size: 16px;\">&#8211; Sfeervol<\/span><br \/><span style=\"font-family: tahoma, arial, helvetica, sans-serif; font-size: 16px;\">&#8211; Comfortabel<\/span><\/p>\n<p><span style=\"font-family: tahoma, arial, helvetica, sans-serif; font-size: 20px;\"><strong>Auto<\/strong><\/span><br \/><span style=\"font-family: tahoma, arial, helvetica, sans-serif; font-size: 16px;\">Het resultaat was dat wij onze Skoda Fabia Combi inruilden voor een Peugeot Partner Tepee.<\/span><br \/><span style=\"font-family: tahoma, arial, helvetica, sans-serif; font-size: 16px;\">In zijn klasse is dat de \u00e9\u00e9n van de ruimste \u2018bestelbusjes\u2019. Het aanbod aan tweedehands is groot en de aanschaf is relatief voordelig.<\/span><br \/><span style=\"font-family: tahoma, arial, helvetica, sans-serif; font-size: 16px;\">Bovendien is het \u00e9\u00e9n van de weinige bestelbusjes waarbij de drie achterstoelen met slechts \u00e9\u00e9n eenvoudige handeling kunnen worden uitgenomen en kunnen worden teruggeplaatst. Na het verwijderen van de achterstoelen ontstaat er een riante en vlakke vloer.<\/span><\/p>\n<p><span style=\"font-family: tahoma, arial, helvetica, sans-serif; font-size: 14px;\"><strong><span style=\"font-size: 20px;\">Materiaal<\/span><br \/><\/strong><span style=\"font-size: 16px;\">Vanaf de vlakke vloer bouwden we het camperinterieur op.<\/span><\/span><br \/><span style=\"font-family: tahoma, arial, helvetica, sans-serif; font-size: 16px;\">Voor de vloerplaten kozen wij voor het zeer slijtvaste en vochtbestendige beton multiplex. <\/span><br \/><span style=\"font-family: tahoma, arial, helvetica, sans-serif; font-size: 16px;\">Voor het interieur zijn wij gegaan voor kwalitatief hoogwaardig populieren multiplex van verschillende dikte. <br \/>Populieren multiplex is licht in gewicht, en scheurt en splintert nauwelijks bij het verwerken (zagen en vastschroeven) tot interieur. Bovendien geeft het gebruik van populieren hout aan het interieur een sfeervolle en warme uitstraling. De multiplex platen hebben we onderling verbonden door deze aan elkaar vast te schroeven. Daardoor is het mogelijk om toekomstige aanpassingen te kunnen doorvoeren. Bij het verlijmen is dat niet meer mogelijk. <\/span><br \/><span style=\"font-family: tahoma, arial, helvetica, sans-serif; font-size: 16px;\">Wij kozen voor relatief dikke, maar comfortabelere zit-\/ligkussens.<\/span><\/p>\n<p><span style=\"font-family: tahoma, arial, helvetica, sans-serif; font-size: 20px;\"><strong>Afwerking<\/strong> <\/span><br \/><span style=\"font-family: tahoma, arial, helvetica, sans-serif; font-size: 16px;\">In de afwerking van onze interieur lieten wij ons inspireren door de Hobby Beachy caravan met zijn witte, taupe kleurenpallet en het gebruik van warme materialen. De vloer voorzagen wij van het heden ten dagen populaire slijtvaste PVC vloerbedekking. Uiteindelijk cre\u00eberden we een camperinrichting met een warme huiselijke sfeer.<\/span><\/p>\n<p><span style=\"font-family: tahoma, arial, helvetica, sans-serif; font-size: 14px;\"><strong><span style=\"font-size: 20px;\">Indeling<\/span><br \/><\/strong><span style=\"font-size: 16px;\">Waar nagenoeg al onze concullega\u2019s er voor kiezen de bank en tafel achterin in de bagageruimte te maken, kozen wij ervoor om dit op de plaats aan te brengen daar waar normaal de achterstoelen staan. Op deze manier ontstaat er een bank met een zitdiepte van 48 cm en 120 cm breed met hoofdruimte. Bovendien is er dan ruimte voor een grote tafel van 74 cm breed en 90 cm lang en is er genoeg beenruimte.<\/span><\/span><br \/><span style=\"font-family: tahoma, arial, helvetica, sans-serif; font-size: 16px;\">In de voorbox is kastruimte voor het opbergen van allerlei spulletjes die afgesloten wordt door deurtjes.\u00a0<\/span><br \/><span style=\"font-family: tahoma, arial, helvetica, sans-serif; font-size: 16px;\">Achterin (in de achterbox) wilden wij alle kampeermiddelen kwijt, zoals een gasstel inclusief gasfles en pannen, koelbox, toilet, jerrycan en afwasteil. In de ruimte tussen de achterbox en voorbox (onder de tafel) blijft dan voldoende ruimte voor de weekendtassen en\/of een bustentje. <\/span><br \/><span style=\"font-family: tahoma, arial, helvetica, sans-serif; font-size: 16px;\">De keuken en koelbox zijn voorzien van geleiderails die het mogelijk maken de keuken en de koelbox eenvoudig uit te nemen om bij mooi weer een buitenkeuken te maken. <\/span><br \/><span style=\"font-family: tahoma, arial, helvetica, sans-serif; font-size: 16px;\">In ons streven naar een zo groot mogelijk bed volgen het tafelblad en het opvulstuk de vormen voorzien van de auto. Op deze wijze ontstaat er een bed met een maximale breedte van 139 cm en met een lengte van 193 cm!<\/span><\/p>\n<p><span style=\"font-family: tahoma, arial, helvetica, sans-serif; font-size: 14px;\"><strong><span style=\"font-size: 20px;\">Elektra<\/span><br \/><\/strong><span style=\"font-size: 16px;\">Om comfortabel met een minicamper te kunnen rondreizen voorzagen wij deze van elektra.<\/span><\/span><br \/><span style=\"font-family: tahoma, arial, helvetica, sans-serif; font-size: 16px;\">De elektra gebruiken wij voor de koelbox, de waterkoker, opladen van telefoons, de kachel of in de zomer voor de ventilator. Wij wilden niet dat er geboord werd in onze auto om o.a. een CEE aansluiting te maken, omdat de kans op roestvorming juist rondom zo\u2019n aansluiting groter is. In feite is een CEE aansluiting ook niet nodig, want de kabel van de drievoudige stekkerdoos die in de achterbox is aangebracht kan tussen de schuifdeur en voordeur netjes naar buiten.<\/span><\/p>\n<p><strong><span style=\"font-size: 20px;\">Tenslotte . . .<\/span><\/strong><\/p>\n<p><span style=\"font-family: tahoma, arial, helvetica, sans-serif; font-size: 16px;\">Uiteindelijk zijn wij van mening dat wij een camper-interieur hebben gemaakt:<\/span><\/p>\n<ul>\n<li><span style=\"font-family: tahoma, arial, helvetica, sans-serif; font-size: 16px;\">Dat voor een groot aantal mensen financieel haalbaar is omdat als basisauto is gekozen voor een Peugeot Partner Tepee of Citroen Berlingo Multispace met relatief lage maandelijkse vaste en variabele lasten.\u00a0<\/span><\/li>\n<li><span style=\"font-family: tahoma, arial, helvetica, sans-serif; font-size: 16px;\">Waarmee eenvoudig en in no time een camper met bank en tafel, bed, (uitneembare) keuken, bagageruimte en elektra is te maken.<\/span><\/li>\n<li><span style=\"font-family: tahoma, arial, helvetica, sans-serif; font-size: 16px;\">Dat een warme en sfeervolle uitstraling heeft.<\/span><\/li>\n<li><span style=\"font-family: tahoma, arial, helvetica, sans-serif; font-size: 16px;\">met stekkerdozen voor het kunnen aansluiten van comfort verhogende middelen zoals een koelbox, kachel, ventilator, telefoonopladers, waterkoker.<\/span><\/li>\n<\/ul>\n<p><span style=\"font-family: tahoma, arial, helvetica, sans-serif; font-size: 16px;\">Ons camper-interieur wordt in essentie opgebouwd met 2 boxen (op z&#8217;n Rott\u00fbrdams &#8216;doosies&#8217; genoemd). <br \/>Als geboren en getogen Rotterdammers was de naam van ons product Camper-Doosie dan ook snel geboren.\u00a0<\/span><\/p>\n<p><span style=\"font-size: 16px;\"><span style=\"font-family: tahoma, arial, helvetica, sans-serif;\"><br \/>Met enthousiaste groet,<br \/><\/span><span style=\"font-family: tahoma, arial, helvetica, sans-serif;\"><br \/>Don en Esmeralda<br \/>Camper-Doosie<\/span><\/span><\/p>","protected":false},"excerpt":{"rendered":"<p>Wij . . . zijn Don en Esmeralda Rolfes; een klein enthousiast bedrijf; werken alleen met hoogwaardige populieren multiplex; gebruiken alleen bewezen apparatuur; werken nauw samen met een zagerij; werken met gerenommeerde partners; zijn van mening dat jouw micro camper voelt als jouw huisje op wielen Ontstaan . . .\u00a0 Net als zoveel andere Nederlanders [&hellip;]<\/p>\n","protected":false},"author":1,"featured_media":0,"parent":0,"menu_order":0,"comment_status":"closed","ping_status":"closed","template":"","meta":{"footnotes":""},"class_list":["post-60","page","type-page","status-publish","hentry"],"_links":{"self":[{"href":"https:\/\/camper-doosie.nl\/index.php?rest_route=\/wp\/v2\/pages\/60","targetHints":{"allow":["GET"]}}],"collection":[{"href":"https:\/\/camper-doosie.nl\/index.php?rest_route=\/wp\/v2\/pages"}],"about":[{"href":"https:\/\/camper-doosie.nl\/index.php?rest_route=\/wp\/v2\/types\/page"}],"author":[{"embeddable":true,"href":"https:\/\/camper-doosie.nl\/index.php?rest_route=\/wp\/v2\/users\/1"}],"replies":[{"embeddable":true,"href":"https:\/\/camper-doosie.nl\/index.php?rest_route=%2Fwp%2Fv2%2Fcomments&post=60"}],"version-history":[{"count":12,"href":"https:\/\/camper-doosie.nl\/index.php?rest_route=\/wp\/v2\/pages\/60\/revisions"}],"predecessor-version":[{"id":261,"href":"https:\/\/camper-doosie.nl\/index.php?rest_route=\/wp\/v2\/pages\/60\/revisions\/261"}],"wp:attachment":[{"href":"https:\/\/camper-doosie.nl\/index.php?rest_route=%2Fwp%2Fv2%2Fmedia&parent=60"}],"curies":[{"name":"wp","href":"https:\/\/api.w.org\/{rel}","templated":true}]}}